{"id":236,"date":"2025-03-19T10:48:35","date_gmt":"2025-03-19T09:48:35","guid":{"rendered":"https:\/\/new.muenchner-sportangler.de\/?page_id=236"},"modified":"2026-03-27T08:09:40","modified_gmt":"2026-03-27T07:09:40","slug":"home","status":"publish","type":"page","link":"https:\/\/new.muenchner-sportangler.de\/","title":{"rendered":"Home"},"content":{"rendered":"<p>[et_pb_section fb_built=&#8220;1&#8243; _builder_version=&#8220;4.27.4&#8243; _module_preset=&#8220;default&#8220; global_colors_info=&#8220;{}&#8220;][et_pb_row column_structure=&#8220;1_2,1_2&#8243; _builder_version=&#8220;4.27.6&#8243; _module_preset=&#8220;default&#8220; global_colors_info=&#8220;{}&#8220;][et_pb_column type=&#8220;1_2&#8243; _builder_version=&#8220;4.27.6&#8243; _module_preset=&#8220;default&#8220; custom_padding=&#8220;80px||||false|false&#8220; global_colors_info=&#8220;{}&#8220;][et_pb_text _builder_version=&#8220;4.27.5&#8243; _module_preset=&#8220;default&#8220; custom_margin=&#8220;||0px|||&#8220; global_colors_info=&#8220;{}&#8220;]<\/p>\n<h2>M\u00fcnchener Sportangler e.V.<\/h2>\n<h4><span style=\"color: #000000;\">Wir entwickeln Gew\u00e4sser.<\/span><\/h4>\n<p>[\/et_pb_text][\/et_pb_column][et_pb_column type=&#8220;1_2&#8243; _builder_version=&#8220;4.27.4&#8243; _module_preset=&#8220;default&#8220; global_colors_info=&#8220;{}&#8220;][et_pb_image src=&#8220;https:\/\/new.muenchner-sportangler.de\/wp-content\/uploads\/2026\/03\/Jachen.jpg&#8220; title_text=&#8220;Jachen&#8220; _builder_version=&#8220;4.27.6&#8243; _module_preset=&#8220;default&#8220; global_colors_info=&#8220;{}&#8220;][\/et_pb_image][\/et_pb_column][\/et_pb_row][et_pb_row column_structure=&#8220;3_5,2_5&#8243; _builder_version=&#8220;4.27.6&#8243; _module_preset=&#8220;default&#8220; module_alignment=&#8220;center&#8220; custom_margin=&#8220;20px||||false|false&#8220; custom_padding=&#8220;20px||||false|false&#8220; global_colors_info=&#8220;{}&#8220;][et_pb_column type=&#8220;3_5&#8243; _builder_version=&#8220;4.27.6&#8243; _module_preset=&#8220;default&#8220; custom_padding=&#8220;110px||||false|false&#8220; global_colors_info=&#8220;{}&#8220;][et_pb_testimonial author=&#8220;Markus Graeser, 1. Vorstand&#8220; portrait_url=&#8220;data:image\/svg+xml;base64,PHN2ZyB3aWR0aD0iNTAwIiBoZWlnaHQ9IjUwMCIgdmlld0JveD0iMCAwIDUwMCA1MDAiIHhtbG5zPSJodHRwOi8vd3d3LnczLm9yZy8yMDAwL3N2ZyI+CiAgICA8ZyBmaWxsPSJub25lIiBmaWxsLXJ1bGU9ImV2ZW5vZGQiPgogICAgICAgIDxwYXRoIGZpbGw9IiNFQkVCRUIiIGQ9Ik0wIDBoNTAwdjUwMEgweiIvPgogICAgICAgIDxyZWN0IGZpbGwtb3BhY2l0eT0iLjEiIGZpbGw9IiMwMDAiIHg9IjY4IiB5PSIzMDUiIHdpZHRoPSIzNjQiIGhlaWdodD0iNTY4IiByeD0iMTgyIi8+CiAgICAgICAgPGNpcmNsZSBmaWxsLW9wYWNpdHk9Ii4xIiBmaWxsPSIjMDAwIiBjeD0iMjQ5IiBjeT0iMTcyIiByPSIxMDAiLz4KICAgIDwvZz4KPC9zdmc+Cg==&#8220; quote_icon=&#8220;off&#8220; _builder_version=&#8220;4.27.6&#8243; _module_preset=&#8220;default&#8220; custom_margin=&#8220;-55px||||false|false&#8220; custom_padding=&#8220;35px||||false|false&#8220; hover_enabled=&#8220;0&#8243; border_radii=&#8220;on|6px|6px|6px|6px&#8220; global_colors_info=&#8220;{}&#8220; sticky_enabled=&#8220;0&#8243;]<\/p>\n<p>&#8222;Der Schutz unserer Gew\u00e4sser, die Pflege von Lebensr\u00e4umen sowie der Erhalt der Artenvielfalt \u2013 insbesondere unter der Wasseroberfl\u00e4che \u2013 stehen im Mittelpunkt unseres Engagements.&#8220;<\/p>\n<p>[\/et_pb_testimonial][\/et_pb_column][et_pb_column type=&#8220;2_5&#8243; _builder_version=&#8220;4.27.4&#8243; _module_preset=&#8220;default&#8220; global_colors_info=&#8220;{}&#8220;][et_pb_text _builder_version=&#8220;4.27.6&#8243; _module_preset=&#8220;default&#8220; hover_enabled=&#8220;0&#8243; global_colors_info=&#8220;{}&#8220; sticky_enabled=&#8220;0&#8243;]<\/p>\n<p>Die M\u00fcnchner Sportangler e.V. blicken auf eine lange und gewachsene Tradition zur\u00fcck. \u00dcber Generationen hinweg wurde in unserem Verein nicht nur die Freude am Angeln gepflegt, sondern vor allem eine Haltung: Respekt vor der Natur, Kameradschaft und ein ehrbares Miteinander. Diese Werte sind f\u00fcr uns kein Relikt vergangener Zeiten, sondern Fundament und Verpflichtung zugleich.<br \/>Der Begriff \u201eSport\u201c in unserem Vereinsnamen ist historisch gewachsen. Er entstammt dem britischen Verst\u00e4ndnis von Sport im Sinne von Fairness, Gentleman-Verhalten und verantwortungsvollem Handeln \u2013 nicht dem Gedanken des Leistungssports oder Wettbewerbs um Rekorde. Dieses Verst\u00e4ndnis pr\u00e4gt unseren Verein bis heute, auch wenn es im heutigen Sprachgebrauch nicht immer sofort so verstanden wird.<\/p>\n<p>[\/et_pb_text][\/et_pb_column][\/et_pb_row][et_pb_row column_structure=&#8220;1_2,1_2&#8243; _builder_version=&#8220;4.27.6&#8243; _module_preset=&#8220;default&#8220; global_colors_info=&#8220;{}&#8220;][et_pb_column type=&#8220;1_2&#8243; _builder_version=&#8220;4.27.6&#8243; _module_preset=&#8220;default&#8220; global_colors_info=&#8220;{}&#8220;][et_pb_text _builder_version=&#8220;4.27.6&#8243; _module_preset=&#8220;default&#8220; global_colors_info=&#8220;{}&#8220;]<\/p>\n<p>Gleichzeitig hat sich unser Selbstverst\u00e4ndnis in den vergangenen Jahren weiterentwickelt. Wir sehen uns zunehmend als aktiven Umwelt- und Naturschutzverein. Der Schutz unserer Gew\u00e4sser, die Pflege von Lebensr\u00e4umen sowie der Erhalt der Artenvielfalt \u2013 insbesondere unter der Wasseroberfl\u00e4che \u2013 stehen im Mittelpunkt unseres Engagements. Wir \u00fcbernehmen Verantwortung f\u00fcr das, was viele nicht sehen: das sensible \u00d6kosystem unter Wasser.<\/p>\n<p>Als Verein, der Tradition ernst nimmt, wissen wir auch, dass Verantwortung bedeutet, sich mit der Zukunft auseinanderzusetzen. Deshalb halten wir es f\u00fcr legitim und richtig, perspektivisch auch \u00fcber die Au\u00dfenwirkung unseres Vereins nachzudenken. Eine m\u00f6gliche Umbenennung des Vereins kann Teil eines solchen Prozesses sein \u2013 nicht um unsere Wurzeln aufzugeben, sondern um klarer sichtbar zu machen, wof\u00fcr wir heute stehen.<br \/>Tradition bewahren hei\u00dft f\u00fcr uns nicht Stillstand, sondern Weiterentwicklung im Geiste unserer Werte.<\/p>\n<p>Stellvertretend f\u00fcr die Vorstandschaft<\/p>\n<p>Markus Graeser<br \/>1. Vorsitzender<\/p>\n<p>[\/et_pb_text][\/et_pb_column][et_pb_column type=&#8220;1_2&#8243; _builder_version=&#8220;4.27.6&#8243; _module_preset=&#8220;default&#8220; global_colors_info=&#8220;{}&#8220;][et_pb_image src=&#8220;https:\/\/new.muenchner-sportangler.de\/wp-content\/uploads\/2023\/10\/small_p5210006.jpg&#8220; title_text=&#8220;small_p5210006&#8243; _builder_version=&#8220;4.27.6&#8243; _module_preset=&#8220;default&#8220; global_colors_info=&#8220;{}&#8220;][\/et_pb_image][\/et_pb_column][\/et_pb_row][\/et_pb_section][et_pb_section fb_built=&#8220;1&#8243; prev_background_color=&#8220;#ffffff&#8220; _builder_version=&#8220;4.27.4&#8243; _module_preset=&#8220;default&#8220; use_background_color_gradient=&#8220;on&#8220; background_color_gradient_direction=&#8220;231deg&#8220; background_color_gradient_stops=&#8220;#2b87da 0%|#0c71c3 100%&#8220; top_divider_style=&#8220;wave&#8220; global_colors_info=&#8220;{}&#8220;][et_pb_row column_structure=&#8220;1_2,1_2&#8243; _builder_version=&#8220;4.27.4&#8243; _module_preset=&#8220;default&#8220; custom_margin=&#8220;17px||||false|false&#8220; global_colors_info=&#8220;{}&#8220;][et_pb_column type=&#8220;1_2&#8243; _builder_version=&#8220;4.27.4&#8243; _module_preset=&#8220;default&#8220; global_colors_info=&#8220;{}&#8220;][et_pb_text _builder_version=&#8220;4.27.6&#8243; _module_preset=&#8220;default&#8220; text_text_color=&#8220;#FFFFFF&#8220; global_colors_info=&#8220;{}&#8220;]<\/p>\n<p>M\u00f6chtest du uns dabei unterst\u00fctzen und dem Verein beitreten? Ma\u00dfgebend f\u00fcr eine Mitgliedschaft ist nicht nur das Kontaktformular, sondern pers\u00f6nliche Empfehlungen.<\/p>\n<p>Hierzu m\u00f6chten wir dich kennenlernen, und laden dich herzlich zu unserem \u00f6ffentlichen Stammtisch ein. Die Termine findest du auf der Website.<\/p>\n<p>Wir freuen uns auf deine Bewerbung!<\/p>\n<p>[\/et_pb_text][\/et_pb_column][et_pb_column type=&#8220;1_2&#8243; _builder_version=&#8220;4.27.4&#8243; _module_preset=&#8220;default&#8220; global_colors_info=&#8220;{}&#8220;][et_pb_button button_url=&#8220;@ET-DC@eyJkeW5hbWljIjp0cnVlLCJjb250ZW50IjoicG9zdF9saW5rX3VybF9wYWdlIiwic2V0dGluZ3MiOnsicG9zdF9pZCI6IjI5OSJ9fQ==@&#8220; button_text=&#8220;Zum Kontaktformular&#8220; button_alignment=&#8220;center&#8220; _builder_version=&#8220;4.27.4&#8243; _dynamic_attributes=&#8220;button_url&#8220; _module_preset=&#8220;default&#8220; button_border_radius=&#8220;6px&#8220; button_icon=&#8220;&#x49;||divi||400&#8243; animation_style=&#8220;fold&#8220; global_colors_info=&#8220;{}&#8220;][\/et_pb_button][\/et_pb_column][\/et_pb_row][\/et_pb_section]<\/p>\n","protected":false},"excerpt":{"rendered":"<p>M\u00fcnchener Sportangler e.V. Wir entwickeln Gew\u00e4sser.&#8220;Der Schutz unserer Gew\u00e4sser, die Pflege von Lebensr\u00e4umen sowie der Erhalt der Artenvielfalt \u2013 insbesondere unter der Wasseroberfl\u00e4che \u2013 stehen im Mittelpunkt unseres Engagements.&#8220;Die M\u00fcnchner Sportangler e.V. blicken auf eine lange und gewachsene Tradition zur\u00fcck. \u00dcber Generationen hinweg wurde in unserem Verein nicht nur die Freude am Angeln gepflegt, sondern [&hellip;]<\/p>\n","protected":false},"author":1,"featured_media":0,"parent":0,"menu_order":0,"comment_status":"closed","ping_status":"closed","template":"","meta":{"_et_pb_use_builder":"on","_et_pb_old_content":"","_et_gb_content_width":"","footnotes":""},"class_list":["post-236","page","type-page","status-publish","hentry"],"_links":{"self":[{"href":"https:\/\/new.muenchner-sportangler.de\/index.php?rest_route=\/wp\/v2\/pages\/236","targetHints":{"allow":["GET"]}}],"collection":[{"href":"https:\/\/new.muenchner-sportangler.de\/index.php?rest_route=\/wp\/v2\/pages"}],"about":[{"href":"https:\/\/new.muenchner-sportangler.de\/index.php?rest_route=\/wp\/v2\/types\/page"}],"author":[{"embeddable":true,"href":"https:\/\/new.muenchner-sportangler.de\/index.php?rest_route=\/wp\/v2\/users\/1"}],"replies":[{"embeddable":true,"href":"https:\/\/new.muenchner-sportangler.de\/index.php?rest_route=%2Fwp%2Fv2%2Fcomments&post=236"}],"version-history":[{"count":14,"href":"https:\/\/new.muenchner-sportangler.de\/index.php?rest_route=\/wp\/v2\/pages\/236\/revisions"}],"predecessor-version":[{"id":441,"href":"https:\/\/new.muenchner-sportangler.de\/index.php?rest_route=\/wp\/v2\/pages\/236\/revisions\/441"}],"wp:attachment":[{"href":"https:\/\/new.muenchner-sportangler.de\/index.php?rest_route=%2Fwp%2Fv2%2Fmedia&parent=236"}],"curies":[{"name":"wp","href":"https:\/\/api.w.org\/{rel}","templated":true}]}}