{"id":426,"date":"2026-03-25T14:31:40","date_gmt":"2026-03-25T13:31:40","guid":{"rendered":"https:\/\/new.muenchner-sportangler.de\/?page_id=426"},"modified":"2026-03-25T14:32:49","modified_gmt":"2026-03-25T13:32:49","slug":"426-2","status":"publish","type":"page","link":"https:\/\/new.muenchner-sportangler.de\/?page_id=426","title":{"rendered":"Impressum"},"content":{"rendered":"<p>[et_pb_section fb_built=&#8220;1&#8243; _builder_version=&#8220;4.27.4&#8243; _module_preset=&#8220;default&#8220; global_colors_info=&#8220;{}&#8220; theme_builder_area=&#8220;post_content&#8220;][et_pb_row _builder_version=&#8220;4.27.6&#8243; _module_preset=&#8220;default&#8220; hover_enabled=&#8220;0&#8243; global_colors_info=&#8220;{}&#8220; theme_builder_area=&#8220;post_content&#8220; sticky_enabled=&#8220;0&#8243; custom_margin=&#8220;-62px||||false|false&#8220;][et_pb_column type=&#8220;4_4&#8243; _builder_version=&#8220;4.27.6&#8243; _module_preset=&#8220;default&#8220; custom_padding=&#8220;80px||||false|false&#8220; global_colors_info=&#8220;{}&#8220; theme_builder_area=&#8220;post_content&#8220;][et_pb_text _builder_version=&#8220;4.27.6&#8243; _module_preset=&#8220;default&#8220; custom_margin=&#8220;||0px|||&#8220; hover_enabled=&#8220;0&#8243; global_colors_info=&#8220;{}&#8220; theme_builder_area=&#8220;post_content&#8220; sticky_enabled=&#8220;0&#8243;]<\/p>\n<h2>Impressum<\/h2>\n<p>[\/et_pb_text][\/et_pb_column][\/et_pb_row][et_pb_row _builder_version=&#8220;4.27.6&#8243; _module_preset=&#8220;default&#8220; theme_builder_area=&#8220;post_content&#8220;][et_pb_column _builder_version=&#8220;4.27.6&#8243; _module_preset=&#8220;default&#8220; type=&#8220;4_4&#8243; theme_builder_area=&#8220;post_content&#8220;][et_pb_text _builder_version=&#8220;4.27.6&#8243; _module_preset=&#8220;default&#8220; theme_builder_area=&#8220;post_content&#8220; hover_enabled=&#8220;0&#8243; sticky_enabled=&#8220;0&#8243;]<\/p>\n<p style=\"margin: 6px 0px; padding: 0px; line-height: 1.5em; color: #3b3b3b; font-family: Verdana, Geneva, Arial, 'Bitstream Vera Sans', 'DejaVu Sans', Meiryo, 'Hiragino Kaku Gothic Pro', 'MS PGothic', Osaka, sans-serif; font-size: 15px; font-style: normal; font-variant-ligatures: normal; font-variant-caps: normal; font-weight: 400; letter-spacing: normal; orphans: 2; text-align: start; text-indent: 0px; text-transform: none; widows: 2; word-spacing: 0px; -webkit-text-stroke-width: 0px; white-space: normal; background-color: #ffffff; text-decoration-thickness: initial; text-decoration-style: initial; text-decoration-color: initial;\">Angaben gem\u00e4\u00df \u00a7 5 TMG<br style=\"margin: 0px; padding: 0px;\" \/>M\u00fcnchner Sportangler e. V.<br style=\"margin: 0px; padding: 0px;\" \/>Aberlestrasse 43<br style=\"margin: 0px; padding: 0px;\" \/>c\/o Markus Graeser (1. Vorsitzender)<\/p>\n<p style=\"margin: 6px 0px; padding: 0px; line-height: 1.5em; color: #3b3b3b; font-family: Verdana, Geneva, Arial, 'Bitstream Vera Sans', 'DejaVu Sans', Meiryo, 'Hiragino Kaku Gothic Pro', 'MS PGothic', Osaka, sans-serif; font-size: 15px; font-style: normal; font-variant-ligatures: normal; font-variant-caps: normal; font-weight: 400; letter-spacing: normal; orphans: 2; text-align: start; text-indent: 0px; text-transform: none; widows: 2; word-spacing: 0px; -webkit-text-stroke-width: 0px; white-space: normal; background-color: #ffffff; text-decoration-thickness: initial; text-decoration-style: initial; text-decoration-color: initial;\">81371 M\u00fcnchen<br style=\"margin: 0px; padding: 0px;\" \/>Vereinsregister: 6183<br style=\"margin: 0px; padding: 0px;\" \/>Registergericht: M\u00fcnchen<\/p>\n<p style=\"margin: 6px 0px; padding: 0px; line-height: 1.5em; color: #3b3b3b; font-family: Verdana, Geneva, Arial, 'Bitstream Vera Sans', 'DejaVu Sans', Meiryo, 'Hiragino Kaku Gothic Pro', 'MS PGothic', Osaka, sans-serif; font-size: 15px; font-style: normal; font-variant-ligatures: normal; font-variant-caps: normal; font-weight: 400; letter-spacing: normal; orphans: 2; text-align: start; text-indent: 0px; text-transform: none; widows: 2; word-spacing: 0px; -webkit-text-stroke-width: 0px; white-space: normal; background-color: #ffffff; text-decoration-thickness: initial; text-decoration-style: initial; text-decoration-color: initial;\">\n<p style=\"margin: 6px 0px; padding: 0px; line-height: 1.5em; color: #3b3b3b; font-family: Verdana, Geneva, Arial, 'Bitstream Vera Sans', 'DejaVu Sans', Meiryo, 'Hiragino Kaku Gothic Pro', 'MS PGothic', Osaka, sans-serif; font-size: 15px; font-style: normal; font-variant-ligatures: normal; font-variant-caps: normal; font-weight: 400; letter-spacing: normal; orphans: 2; text-align: start; text-indent: 0px; text-transform: none; widows: 2; word-spacing: 0px; -webkit-text-stroke-width: 0px; white-space: normal; background-color: #ffffff; text-decoration-thickness: initial; text-decoration-style: initial; text-decoration-color: initial;\"><strong style=\"margin: 0px; padding: 0px;\">Vertreten durch:<\/strong><br style=\"margin: 0px; padding: 0px;\" \/>Markus Graeser (1. Vorsitzender)<br style=\"margin: 0px; padding: 0px;\" \/>Kontakt<br style=\"margin: 0px; padding: 0px;\" \/>Telefon: +49 15904573156<br style=\"margin: 0px; padding: 0px;\" \/>E-Mail:<span>\u00a0<\/span><a href=\"mailto:vorstand@muenchner-sportangler.de\" style=\"margin: 0px; padding: 0px; text-decoration: none; color: #1a62ae;\">vorstand@muenchner-sportangler.de<\/a><\/p>\n<p style=\"margin: 6px 0px; padding: 0px; line-height: 1.5em; color: #3b3b3b; font-family: Verdana, Geneva, Arial, 'Bitstream Vera Sans', 'DejaVu Sans', Meiryo, 'Hiragino Kaku Gothic Pro', 'MS PGothic', Osaka, sans-serif; font-size: 15px; font-style: normal; font-variant-ligatures: normal; font-variant-caps: normal; font-weight: 400; letter-spacing: normal; orphans: 2; text-align: start; text-indent: 0px; text-transform: none; widows: 2; word-spacing: 0px; -webkit-text-stroke-width: 0px; white-space: normal; background-color: #ffffff; text-decoration-thickness: initial; text-decoration-style: initial; text-decoration-color: initial;\">Wir sind nicht bereit oder verpflichtet, an Streitbeilegungsverfahren vor einer Verbraucherschlichtungsstelle teilzunehmen.<\/p>\n<p style=\"margin: 6px 0px; padding: 0px; line-height: 1.5em; color: #3b3b3b; font-family: Verdana, Geneva, Arial, 'Bitstream Vera Sans', 'DejaVu Sans', Meiryo, 'Hiragino Kaku Gothic Pro', 'MS PGothic', Osaka, sans-serif; font-size: 15px; font-style: normal; font-variant-ligatures: normal; font-variant-caps: normal; font-weight: 400; letter-spacing: normal; orphans: 2; text-align: start; text-indent: 0px; text-transform: none; widows: 2; word-spacing: 0px; -webkit-text-stroke-width: 0px; white-space: normal; background-color: #ffffff; text-decoration-thickness: initial; text-decoration-style: initial; text-decoration-color: initial;\">\n<p style=\"margin: 6px 0px; padding: 0px; line-height: 1.5em; color: #3b3b3b; font-family: Verdana, Geneva, Arial, 'Bitstream Vera Sans', 'DejaVu Sans', Meiryo, 'Hiragino Kaku Gothic Pro', 'MS PGothic', Osaka, sans-serif; font-size: 15px; font-style: normal; font-variant-ligatures: normal; font-variant-caps: normal; font-weight: 400; letter-spacing: normal; orphans: 2; text-align: start; text-indent: 0px; text-transform: none; widows: 2; word-spacing: 0px; -webkit-text-stroke-width: 0px; white-space: normal; background-color: #ffffff; text-decoration-thickness: initial; text-decoration-style: initial; text-decoration-color: initial;\"><strong style=\"margin: 0px; padding: 0px;\">Haftung f\u00fcr Inhalte<\/strong><\/p>\n<p style=\"margin: 6px 0px; padding: 0px; line-height: 1.5em; color: #3b3b3b; font-family: Verdana, Geneva, Arial, 'Bitstream Vera Sans', 'DejaVu Sans', Meiryo, 'Hiragino Kaku Gothic Pro', 'MS PGothic', Osaka, sans-serif; font-size: 15px; font-style: normal; font-variant-ligatures: normal; font-variant-caps: normal; font-weight: 400; letter-spacing: normal; orphans: 2; text-align: start; text-indent: 0px; text-transform: none; widows: 2; word-spacing: 0px; -webkit-text-stroke-width: 0px; white-space: normal; background-color: #ffffff; text-decoration-thickness: initial; text-decoration-style: initial; text-decoration-color: initial;\">Als Diensteanbieter sind wir gem\u00e4\u00df \u00a7 7 Abs.1 TMG f\u00fcr eigene Inhalte auf diesen Seiten nach den<br style=\"margin: 0px; padding: 0px;\" \/>allgemeinen Gesetzen verantwortlich. Nach \u00a7\u00a7 8 bis 10 TMG sind wir als Diensteanbieter jedoch nicht<br style=\"margin: 0px; padding: 0px;\" \/>verpflichtet, \u00fcbermittelte oder gespeicherte fremde Informationen zu \u00fcberwachen oder nach Umst\u00e4nden zu<br style=\"margin: 0px; padding: 0px;\" \/>forschen, die auf eine rechtswidrige T\u00e4tigkeit hinweisen.<br style=\"margin: 0px; padding: 0px;\" \/>Verpflichtungen zur Entfernung oder Sperrung der Nutzung von Informationen nach den allgemeinen<br style=\"margin: 0px; padding: 0px;\" \/>Gesetzen bleiben hiervon unber\u00fchrt. Eine diesbez\u00fcgliche Haftung ist jedoch erst ab dem Zeitpunkt der<br style=\"margin: 0px; padding: 0px;\" \/>Kenntnis einer konkreten Rechtsverletzung m\u00f6glich. Bei Bekanntwerden von entsprechenden<br style=\"margin: 0px; padding: 0px;\" \/>Rechtsverletzungen werden wir diese Inhalte umgehend entfernen.<\/p>\n<p style=\"margin: 6px 0px; padding: 0px; line-height: 1.5em; color: #3b3b3b; font-family: Verdana, Geneva, Arial, 'Bitstream Vera Sans', 'DejaVu Sans', Meiryo, 'Hiragino Kaku Gothic Pro', 'MS PGothic', Osaka, sans-serif; font-size: 15px; font-style: normal; font-variant-ligatures: normal; font-variant-caps: normal; font-weight: 400; letter-spacing: normal; orphans: 2; text-align: start; text-indent: 0px; text-transform: none; widows: 2; word-spacing: 0px; -webkit-text-stroke-width: 0px; white-space: normal; background-color: #ffffff; text-decoration-thickness: initial; text-decoration-style: initial; text-decoration-color: initial;\"><strong style=\"margin: 0px; padding: 0px;\">Haftung f\u00fcr Links<\/strong><br style=\"margin: 0px; padding: 0px;\" \/>Unser Angebot enth\u00e4lt Links zu externen Websites Dritter, auf deren Inhalte wir keinen Einfluss haben.<br style=\"margin: 0px; padding: 0px;\" \/>Deshalb k\u00f6nnen wir f\u00fcr diese fremden Inhalte auch keine Gew\u00e4hr \u00fcbernehmen. F\u00fcr die Inhalte der<br style=\"margin: 0px; padding: 0px;\" \/>verlinkten Seiten ist stets der jeweilige Anbieter oder Betreiber der Seiten verantwortlich. Die verlinkten<\/p>\n<p style=\"margin: 6px 0px; padding: 0px; line-height: 1.5em; color: #3b3b3b; font-family: Verdana, Geneva, Arial, 'Bitstream Vera Sans', 'DejaVu Sans', Meiryo, 'Hiragino Kaku Gothic Pro', 'MS PGothic', Osaka, sans-serif; font-size: 15px; font-style: normal; font-variant-ligatures: normal; font-variant-caps: normal; font-weight: 400; letter-spacing: normal; orphans: 2; text-align: start; text-indent: 0px; text-transform: none; widows: 2; word-spacing: 0px; -webkit-text-stroke-width: 0px; white-space: normal; background-color: #ffffff; text-decoration-thickness: initial; text-decoration-style: initial; text-decoration-color: initial;\">Seiten wurden zum Zeitpunkt der Verlinkung auf m\u00f6gliche Rechtsverst\u00f6\u00dfe \u00fcberpr\u00fcft. Rechtswidrige Inhalte<br style=\"margin: 0px; padding: 0px;\" \/>waren zum Zeitpunkt der Verlinkung nicht erkennbar.<br style=\"margin: 0px; padding: 0px;\" \/>Eine permanente inhaltliche Kontrolle der verlinkten Seiten ist jedoch ohne konkrete Anhaltspunkte einer<br style=\"margin: 0px; padding: 0px;\" \/>Rechtsverletzung nicht zumutbar. Bei Bekanntwerden von Rechtsverletzungen werden wir derartige Links<br style=\"margin: 0px; padding: 0px;\" \/>umgehend entfernen.<\/p>\n<p style=\"margin: 6px 0px; padding: 0px; line-height: 1.5em; color: #3b3b3b; font-family: Verdana, Geneva, Arial, 'Bitstream Vera Sans', 'DejaVu Sans', Meiryo, 'Hiragino Kaku Gothic Pro', 'MS PGothic', Osaka, sans-serif; font-size: 15px; font-style: normal; font-variant-ligatures: normal; font-variant-caps: normal; font-weight: 400; letter-spacing: normal; orphans: 2; text-align: start; text-indent: 0px; text-transform: none; widows: 2; word-spacing: 0px; -webkit-text-stroke-width: 0px; white-space: normal; background-color: #ffffff; text-decoration-thickness: initial; text-decoration-style: initial; text-decoration-color: initial;\"><strong style=\"margin: 0px; padding: 0px;\">Urheberrecht<\/strong><br style=\"margin: 0px; padding: 0px;\" \/>Die durch die Seitenbetreiber erstellten Inhalte und Werke auf diesen Seiten unterliegen dem deutschen<br style=\"margin: 0px; padding: 0px;\" \/>Urheberrecht. Die Vervielf\u00e4ltigung, Bearbeitung, Verbreitung und jede Art der Verwertung au\u00dferhalb der<br style=\"margin: 0px; padding: 0px;\" \/>Grenzen des Urheberrechtes bed\u00fcrfen der schriftlichen Zustimmung des jeweiligen Autors bzw. Erstellers.<br style=\"margin: 0px; padding: 0px;\" \/>Downloads und Kopien dieser Seite sind nur f\u00fcr den privaten, nicht kommerziellen Gebrauch gestattet.<br style=\"margin: 0px; padding: 0px;\" \/>Soweit die Inhalte auf dieser Seite nicht vom Betreiber erstellt wurden, werden die Urheberrechte Dritter<br style=\"margin: 0px; padding: 0px;\" \/>beachtet. Insbesondere werden Inhalte Dritter als solche gekennzeichnet. Sollten Sie trotzdem auf eine<br style=\"margin: 0px; padding: 0px;\" \/>Urheberrechtsverletzung aufmerksam werden, bitten wir um einen entsprechenden Hinweis. Bei<br style=\"margin: 0px; padding: 0px;\" \/>Bekanntwerden von Rechtsverletzungen werden wir derartige Inhalte umgehend entfernen.<\/p>\n<p style=\"margin: 6px 0px; padding: 0px; line-height: 1.5em; color: #3b3b3b; font-family: Verdana, Geneva, Arial, 'Bitstream Vera Sans', 'DejaVu Sans', Meiryo, 'Hiragino Kaku Gothic Pro', 'MS PGothic', Osaka, sans-serif; font-size: 15px; font-style: normal; font-variant-ligatures: normal; font-variant-caps: normal; font-weight: 400; letter-spacing: normal; orphans: 2; text-align: start; text-indent: 0px; text-transform: none; widows: 2; word-spacing: 0px; -webkit-text-stroke-width: 0px; white-space: normal; background-color: #ffffff; text-decoration-thickness: initial; text-decoration-style: initial; text-decoration-color: initial;\"><strong style=\"margin: 0px; padding: 0px;\">Quelle:<\/strong><br style=\"margin: 0px; padding: 0px;\" \/>e-recht24.de<\/p>\n<p>[\/et_pb_text][\/et_pb_column][\/et_pb_row][\/et_pb_section][et_pb_section fb_built=&#8220;1&#8243; prev_background_color=&#8220;#ffffff&#8220; _builder_version=&#8220;4.27.4&#8243; _module_preset=&#8220;default&#8220; use_background_color_gradient=&#8220;on&#8220; background_color_gradient_direction=&#8220;231deg&#8220; background_color_gradient_stops=&#8220;#2b87da 0%|#0c71c3 100%&#8220; top_divider_style=&#8220;wave&#8220; global_colors_info=&#8220;{}&#8220; theme_builder_area=&#8220;post_content&#8220;][et_pb_row column_structure=&#8220;1_2,1_2&#8243; _builder_version=&#8220;4.27.4&#8243; _module_preset=&#8220;default&#8220; custom_margin=&#8220;17px||||false|false&#8220; global_colors_info=&#8220;{}&#8220; theme_builder_area=&#8220;post_content&#8220;][et_pb_column type=&#8220;1_2&#8243; _builder_version=&#8220;4.27.4&#8243; _module_preset=&#8220;default&#8220; global_colors_info=&#8220;{}&#8220; theme_builder_area=&#8220;post_content&#8220;][et_pb_text _builder_version=&#8220;4.27.6&#8243; _module_preset=&#8220;default&#8220; text_text_color=&#8220;#FFFFFF&#8220; global_colors_info=&#8220;{}&#8220; theme_builder_area=&#8220;post_content&#8220;]<\/p>\n<p>M\u00f6chtest du uns dabei unterst\u00fctzen und dem Verein beitreten? Ma\u00dfgebend f\u00fcr eine Mitgliedschaft ist nicht nur das Kontaktformular, sondern pers\u00f6nliche Empfehlungen.<\/p>\n<p>Hierzu m\u00f6chten wir dich kennenlernen, und laden dich herzlich zu unserem \u00f6ffentlichen Stammtisch ein. Die Termine findest du auf der Website.<\/p>\n<p>Wir freuen uns auf deine Bewerbung!<\/p>\n<p>[\/et_pb_text][\/et_pb_column][et_pb_column type=&#8220;1_2&#8243; _builder_version=&#8220;4.27.4&#8243; _module_preset=&#8220;default&#8220; global_colors_info=&#8220;{}&#8220; theme_builder_area=&#8220;post_content&#8220;][et_pb_button button_url=&#8220;@ET-DC@eyJkeW5hbWljIjp0cnVlLCJjb250ZW50IjoicG9zdF9saW5rX3VybF9wYWdlIiwic2V0dGluZ3MiOnsicG9zdF9pZCI6IjI5OSJ9fQ==@&#8220; button_text=&#8220;Zum Kontaktformular&#8220; button_alignment=&#8220;center&#8220; _builder_version=&#8220;4.27.4&#8243; _dynamic_attributes=&#8220;button_url&#8220; _module_preset=&#8220;default&#8220; button_border_radius=&#8220;6px&#8220; button_icon=&#8220;&#x49;||divi||400&#8243; animation_style=&#8220;fold&#8220; global_colors_info=&#8220;{}&#8220; theme_builder_area=&#8220;post_content&#8220;][\/et_pb_button][\/et_pb_column][\/et_pb_row][\/et_pb_section]<\/p>\n","protected":false},"excerpt":{"rendered":"<p>ImpressumAngaben gem\u00e4\u00df \u00a7 5 TMGM\u00fcnchner Sportangler e. V.Aberlestrasse 43c\/o Markus Graeser (1. Vorsitzender) 81371 M\u00fcnchenVereinsregister: 6183Registergericht: M\u00fcnchen Vertreten durch:Markus Graeser (1. Vorsitzender)KontaktTelefon: +49 15904573156E-Mail:\u00a0vorstand@muenchner-sportangler.de Wir sind nicht bereit oder verpflichtet, an Streitbeilegungsverfahren vor einer Verbraucherschlichtungsstelle teilzunehmen. Haftung f\u00fcr Inhalte Als Diensteanbieter sind wir gem\u00e4\u00df \u00a7 7 Abs.1 TMG f\u00fcr eigene Inhalte auf diesen Seiten nach [&hellip;]<\/p>\n","protected":false},"author":1,"featured_media":0,"parent":0,"menu_order":0,"comment_status":"closed","ping_status":"closed","template":"","meta":{"_et_pb_use_builder":"on","_et_pb_old_content":"","_et_gb_content_width":"","footnotes":""},"class_list":["post-426","page","type-page","status-publish","hentry"],"_links":{"self":[{"href":"https:\/\/new.muenchner-sportangler.de\/index.php?rest_route=\/wp\/v2\/pages\/426","targetHints":{"allow":["GET"]}}],"collection":[{"href":"https:\/\/new.muenchner-sportangler.de\/index.php?rest_route=\/wp\/v2\/pages"}],"about":[{"href":"https:\/\/new.muenchner-sportangler.de\/index.php?rest_route=\/wp\/v2\/types\/page"}],"author":[{"embeddable":true,"href":"https:\/\/new.muenchner-sportangler.de\/index.php?rest_route=\/wp\/v2\/users\/1"}],"replies":[{"embeddable":true,"href":"https:\/\/new.muenchner-sportangler.de\/index.php?rest_route=%2Fwp%2Fv2%2Fcomments&post=426"}],"version-history":[{"count":3,"href":"https:\/\/new.muenchner-sportangler.de\/index.php?rest_route=\/wp\/v2\/pages\/426\/revisions"}],"predecessor-version":[{"id":430,"href":"https:\/\/new.muenchner-sportangler.de\/index.php?rest_route=\/wp\/v2\/pages\/426\/revisions\/430"}],"wp:attachment":[{"href":"https:\/\/new.muenchner-sportangler.de\/index.php?rest_route=%2Fwp%2Fv2%2Fmedia&parent=426"}],"curies":[{"name":"wp","href":"https:\/\/api.w.org\/{rel}","templated":true}]}}